{"id":13,"date":"2021-03-04T19:29:42","date_gmt":"2021-03-04T19:29:42","guid":{"rendered":"https:\/\/sector3.pt\/formacoes\/?page_id=13"},"modified":"2026-02-27T09:07:22","modified_gmt":"2026-02-27T09:07:22","slug":"homepage","status":"publish","type":"page","link":"https:\/\/sector3.pt\/learning\/","title":{"rendered":"Homepage"},"content":{"rendered":"<section class=\"l-section wpb_row height_auto width_full\" id=\"inicio\"><div class=\"l-section-h i-cf\"><div class=\"g-cols vc_row via_flex valign_top type_default stacking_default\"><div class=\"vc_col-sm-12 wpb_column vc_column_container\"><div class=\"vc_column-inner\"><div class=\"wpb_wrapper\">\t\t\t<script src=\"\/\/sector3.pt\/learning\/wp-content\/plugins\/revslider\/sr6\/assets\/js\/rbtools.min.js?rev=6.7.41\"><\/script>\n\t\t\t<script src=\"\/\/sector3.pt\/learning\/wp-content\/plugins\/revslider\/sr6\/assets\/js\/rs6.min.js?rev=6.7.41\"><\/script>\n\n\t\t\t<!-- START homepage REVOLUTION SLIDER 6.7.41 --><p class=\"rs-p-wp-fix\"><\/p>\n\t\t\t<rs-module-wrap id=\"rev_slider_1_1_wrapper\" data-source=\"gallery\" style=\"visibility:hidden;background:#ffffff;padding:0;margin:0px auto;margin-top:0;margin-bottom:0;\">\n\t\t\t\t<rs-module id=\"rev_slider_1_1\" style=\"\" data-version=\"6.7.41\">\n\t\t\t\t\t<rs-slides style=\"overflow: hidden; position: absolute;\">\n\t\t\t\t\t\t<rs-slide style=\"position: absolute;\" data-key=\"rs-10\" data-title=\"Avalia\u00e7\u00e3o de Impacto \u2013 simplificar a complexidade\" data-link=\"https:\/\/sector3.pt\/learning\/simplificar-a-complexidade\/\" data-tag=\"l\" data-target=\"_self\" data-seoz=\"front\" data-anim=\"adpr:false;\" data-in=\"o:0;\" data-out=\"a:false;\">\n\t\t\t\t\t\t\t<img decoding=\"async\" src=\"\/\/sector3.pt\/learning\/wp-content\/plugins\/revslider\/sr6\/assets\/assets\/dummy.png\" alt=\"\" title=\"Avalia\u00e7\u00e3o de Impacto\" width=\"1024\" height=\"1024\" class=\"rev-slidebg tp-rs-img rs-lazyload\" data-lazyload=\"\/\/sector3.pt\/learning\/wp-content\/uploads\/sites\/4\/2026\/02\/Quadrado.png\" data-bg=\"f:contain;\" data-no-retina>\n<!---->\t\t\t\t\t<\/rs-slide>\n\t\t\t\t\t<\/rs-slides>\n\t\t\t\t\t<rs-static-layers><!--\n\t\t\t\t\t--><\/rs-static-layers>\n\t\t\t\t<\/rs-module>\n\t\t\t\t<script>\n\t\t\t\t\tsetREVStartSize({c: 'rev_slider_1_1',rl:[1240,1024,778,480],el:[600],gw:[1280],gh:[600],type:'standard',justify:'',layout:'fullwidth',mh:\"0\"});if (window.RS_MODULES!==undefined && window.RS_MODULES.modules!==undefined && window.RS_MODULES.modules[\"revslider11\"]!==undefined) {window.RS_MODULES.modules[\"revslider11\"].once = false;window.revapi1 = undefined;if (window.RS_MODULES.checkMinimal!==undefined) window.RS_MODULES.checkMinimal()}\n\t\t\t\t<\/script>\n\t\t\t<\/rs-module-wrap>\n\t\t\t<!-- END REVOLUTION SLIDER -->\n<\/div><\/div><\/div><\/div><\/div><\/section><section class=\"l-section wpb_row us_custom_7b883dcb height_auto\" id=\"sobre\"><div class=\"l-section-h i-cf\"><div class=\"g-cols vc_row via_flex valign_top type_default stacking_default\"><div class=\"vc_col-sm-12 vc_col-xs-12 wpb_column vc_column_container\"><div class=\"vc_column-inner\"><div class=\"wpb_wrapper\"><div class=\"wpb_text_column\"><div class=\"wpb_wrapper\"><h2 style=\"text-align: center;\">SOBRE<\/h2>\n<p>Somos uma empresa de consultoria, especializada em servi\u00e7os de intermedia\u00e7\u00e3o no mercado do investimento social.<\/p>\n<p>Temos por Miss\u00e3o contribuir para o desenvolvimento do emergente Mercado do Investimento Social em Portugal, promovendo e facilitando encontros prof\u00edcuos entre atores de refer\u00eancia nos lados da oferta e da procura desse mercado.<\/p>\n<p>No presente site disponibilizamos nossa <strong>Oferta Formativa<\/strong> dirigida a todas as pessoas envolvidas em atividades no \u00e2mbito da Economia Social.<\/p>\n<\/div><\/div><div class=\"vc_col-sm-6 wpb_column vc_column_container custom_back\"><div class=\"vc_column-inner us_custom_59e56ba6\"><div class=\"wpb_wrapper\"><div class=\"w-image us_custom_666f624a align_center\"><div class=\"w-image-h\"><img decoding=\"async\" width=\"1024\" height=\"683\" src=\"https:\/\/sector3.pt\/learning\/wp-content\/uploads\/sites\/4\/2021\/03\/sobre.jpg\" class=\"attachment-large size-large\" alt=\"\" loading=\"lazy\" srcset=\"https:\/\/sector3.pt\/learning\/wp-content\/uploads\/sites\/4\/2021\/03\/sobre.jpg 1024w, https:\/\/sector3.pt\/learning\/wp-content\/uploads\/sites\/4\/2021\/03\/sobre-300x200.jpg 300w\" sizes=\"auto, (max-width: 1024px) 100vw, 1024px\" \/><\/div><\/div><\/div><\/div><\/div><\/div><\/div><\/div><\/div><\/div><\/section><section class=\"l-section wpb_row us_custom_be50fded height_auto\" id=\"formacoes\"><div class=\"l-section-h i-cf\"><div class=\"g-cols vc_row via_flex valign_top type_default stacking_default\"><div class=\"vc_col-sm-12 vc_col-xs-12 wpb_column vc_column_container\"><div class=\"vc_column-inner\"><div class=\"wpb_wrapper\"><div class=\"wpb_text_column\"><div class=\"wpb_wrapper\"><h2 style=\"text-align: center;\">FORMA\u00c7\u00d5ES<\/h2>\n<div class=\"g-cols wpb_row us_custom_7f9ed4fa via_flex valign_top type_default stacking_default\"><div class=\"vc_col-sm-12 wpb_column vc_column_container\"><div class=\"vc_column-inner\"><div class=\"wpb_wrapper\"><div class=\"w-grid us_grid type_grid layout_133 cols_2 preload_style_spinner\" id=\"us_grid_1\" style=\"--columns:2;--gap:1.5rem;\" data-filterable=\"true\"><style>@media (max-width:1024px){#us_grid_1{--columns:1!important}}@media (max-width:600px){#us_grid_1{--columns:1!important}}.layout_133 .w-grid-item-h{color:var(--color-content-text)}@media(max-width:479px){.layout_133 .usg_post_image_1{display:none!important}}.layout_133 .usg_hwrapper_1{color:var(--color-content-text)!important;margin-right:10%!important;padding-top:6%!important;padding-bottom:6%!important;background:var(--color-content-bg)!important}.layout_133 .usg_vwrapper_1{width:48%!important;margin-left:6%!important;margin-right:0!important;background:var(--color-content-bg)!important}.layout_133 .usg_post_image_1{width:50%!important;margin-left:7%!important;margin-right:-11%!important}.layout_133 .usg_post_title_1{font-weight:700!important;line-height:1.2!important}@media (max-width:600px){.layout_133 .usg_hwrapper_1{margin-left:0!important;margin-right:0!important;padding-top:0!important;padding-bottom:0!important}.layout_133 .usg_vwrapper_1{width:86%!important;margin:7% 7% 5% 7%!important}.layout_133 .usg_post_image_1{width:100%!important;margin-left:0!important;margin-right:0!important}}<\/style><div class=\"w-grid-list\">\t<article class=\"w-grid-item size_1x1 post-1110 post type-post status-publish format-standard has-post-thumbnail hentry category-formacoes\" data-id=\"1110\">\r\n\t\t<div class=\"w-grid-item-h\">\r\n\t\t\t\t\t\t<div class=\"w-hwrapper usg_hwrapper_1 has_text_color align_left wrap\"><div class=\"w-vwrapper usg_vwrapper_1 align_left valign_top\"><h2 class=\"w-post-elm post_title usg_post_title_1 entry-title color_link_inherit\"><a href=\"https:\/\/sector3.pt\/learning\/simplificar-a-complexidade\/\">Simplificar a complexidade<\/a><\/h2><a class=\"w-btn us-btn-style_1 usg_btn_1\" href=\"https:\/\/sector3.pt\/learning\/simplificar-a-complexidade\/\"><span class=\"w-btn-label\">Saiba Mais<\/span><\/a><\/div><div class=\"w-post-elm post_image usg_post_image_1 has_width stretched\"><a href=\"https:\/\/sector3.pt\/learning\/simplificar-a-complexidade\/\" aria-label=\"Simplificar a complexidade\"><img loading=\"lazy\" decoding=\"async\" width=\"1024\" height=\"1024\" src=\"https:\/\/sector3.pt\/learning\/wp-content\/uploads\/sites\/4\/2026\/02\/Quadrado.png\" class=\"attachment-large size-large wp-post-image\" alt=\"\" srcset=\"https:\/\/sector3.pt\/learning\/wp-content\/uploads\/sites\/4\/2026\/02\/Quadrado.png 1024w, https:\/\/sector3.pt\/learning\/wp-content\/uploads\/sites\/4\/2026\/02\/Quadrado-300x300.png 300w, https:\/\/sector3.pt\/learning\/wp-content\/uploads\/sites\/4\/2026\/02\/Quadrado-150x150.png 150w\" sizes=\"auto, (max-width: 1024px) 100vw, 1024px\" \/><\/a><\/div><\/div>\t\t<\/div>\r\n\t\t\t<\/article>\r\n\t<article class=\"w-grid-item size_1x1 post-1073 post type-post status-publish format-standard has-post-thumbnail hentry category-formacoes\" data-id=\"1073\">\r\n\t\t<div class=\"w-grid-item-h\">\r\n\t\t\t\t\t\t<div class=\"w-hwrapper usg_hwrapper_1 has_text_color align_left wrap\"><div class=\"w-vwrapper usg_vwrapper_1 align_left valign_top\"><h2 class=\"w-post-elm post_title usg_post_title_1 entry-title color_link_inherit\"><a href=\"https:\/\/sector3.pt\/learning\/construcao-de-negocios-sociais\/\">Constru\u00e7\u00e3o de Neg\u00f3cios Sociais<\/a><\/h2><a class=\"w-btn us-btn-style_1 usg_btn_1\" href=\"https:\/\/sector3.pt\/learning\/construcao-de-negocios-sociais\/\"><span class=\"w-btn-label\">Saiba Mais<\/span><\/a><\/div><div class=\"w-post-elm post_image usg_post_image_1 has_width stretched\"><a href=\"https:\/\/sector3.pt\/learning\/construcao-de-negocios-sociais\/\" aria-label=\"Constru\u00e7\u00e3o de Neg\u00f3cios Sociais\"><img loading=\"lazy\" decoding=\"async\" width=\"658\" height=\"679\" src=\"https:\/\/sector3.pt\/learning\/wp-content\/uploads\/sites\/4\/2025\/08\/Construcao_Negocios_Sociais-1.png\" class=\"attachment-large size-large wp-post-image\" alt=\"\" srcset=\"https:\/\/sector3.pt\/learning\/wp-content\/uploads\/sites\/4\/2025\/08\/Construcao_Negocios_Sociais-1.png 658w, https:\/\/sector3.pt\/learning\/wp-content\/uploads\/sites\/4\/2025\/08\/Construcao_Negocios_Sociais-1-291x300.png 291w\" sizes=\"auto, (max-width: 658px) 100vw, 658px\" \/><\/a><\/div><\/div>\t\t<\/div>\r\n\t\t\t<\/article>\r\n\t<article class=\"w-grid-item size_1x1 post-773 post type-post status-publish format-standard has-post-thumbnail hentry category-formacoes\" data-id=\"773\">\r\n\t\t<div class=\"w-grid-item-h\">\r\n\t\t\t\t\t\t<div class=\"w-hwrapper usg_hwrapper_1 has_text_color align_left wrap\"><div class=\"w-vwrapper usg_vwrapper_1 align_left valign_top\"><h2 class=\"w-post-elm post_title usg_post_title_1 entry-title color_link_inherit\"><a href=\"https:\/\/sector3.pt\/learning\/cpsb-consultoria-e-formacao-em-avaliacao-de-impacto-2023\/\">CPSB &#8211; Consultoria e Forma\u00e7\u00e3o em Avalia\u00e7\u00e3o de Impacto 2023<\/a><\/h2><a class=\"w-btn us-btn-style_1 usg_btn_1\" href=\"https:\/\/sector3.pt\/learning\/cpsb-consultoria-e-formacao-em-avaliacao-de-impacto-2023\/\"><span class=\"w-btn-label\">Saiba Mais<\/span><\/a><\/div><div class=\"w-post-elm post_image usg_post_image_1 has_width stretched\"><a href=\"https:\/\/sector3.pt\/learning\/cpsb-consultoria-e-formacao-em-avaliacao-de-impacto-2023\/\" aria-label=\"CPSB &#8211; Consultoria e Forma\u00e7\u00e3o em Avalia\u00e7\u00e3o de Impacto 2023\"><img loading=\"lazy\" decoding=\"async\" width=\"1024\" height=\"571\" src=\"https:\/\/sector3.pt\/learning\/wp-content\/uploads\/sites\/4\/2023\/01\/formacaoCPSB-1024x571.jpg\" class=\"attachment-large size-large wp-post-image\" alt=\"\" srcset=\"https:\/\/sector3.pt\/learning\/wp-content\/uploads\/sites\/4\/2023\/01\/formacaoCPSB-1024x571.jpg 1024w, https:\/\/sector3.pt\/learning\/wp-content\/uploads\/sites\/4\/2023\/01\/formacaoCPSB-300x167.jpg 300w, https:\/\/sector3.pt\/learning\/wp-content\/uploads\/sites\/4\/2023\/01\/formacaoCPSB.jpg 1310w\" sizes=\"auto, (max-width: 1024px) 100vw, 1024px\" \/><\/a><\/div><\/div>\t\t<\/div>\r\n\t\t\t<\/article>\r\n\t<article class=\"w-grid-item size_1x1 post-714 post type-post status-publish format-standard has-post-thumbnail hentry category-formacoes\" data-id=\"714\">\r\n\t\t<div class=\"w-grid-item-h\">\r\n\t\t\t\t\t\t<div class=\"w-hwrapper usg_hwrapper_1 has_text_color align_left wrap\"><div class=\"w-vwrapper usg_vwrapper_1 align_left valign_top\"><h2 class=\"w-post-elm post_title usg_post_title_1 entry-title color_link_inherit\"><a href=\"https:\/\/sector3.pt\/learning\/candidatura-competitiva-iv\/\">Candidatura Competitiva IV<\/a><\/h2><a class=\"w-btn us-btn-style_1 usg_btn_1\" href=\"https:\/\/sector3.pt\/learning\/candidatura-competitiva-iv\/\"><span class=\"w-btn-label\">Saiba Mais<\/span><\/a><\/div><div class=\"w-post-elm post_image usg_post_image_1 has_width stretched\"><a href=\"https:\/\/sector3.pt\/learning\/candidatura-competitiva-iv\/\" aria-label=\"Candidatura Competitiva IV\"><img loading=\"lazy\" decoding=\"async\" width=\"1024\" height=\"559\" src=\"https:\/\/sector3.pt\/learning\/wp-content\/uploads\/sites\/4\/2022\/09\/destaque-1024x559.jpg\" class=\"attachment-large size-large wp-post-image\" alt=\"\" srcset=\"https:\/\/sector3.pt\/learning\/wp-content\/uploads\/sites\/4\/2022\/09\/destaque-1024x559.jpg 1024w, https:\/\/sector3.pt\/learning\/wp-content\/uploads\/sites\/4\/2022\/09\/destaque-300x164.jpg 300w, https:\/\/sector3.pt\/learning\/wp-content\/uploads\/sites\/4\/2022\/09\/destaque.jpg 1278w\" sizes=\"auto, (max-width: 1024px) 100vw, 1024px\" \/><\/a><\/div><\/div>\t\t<\/div>\r\n\t\t\t<\/article>\r\n\t<article class=\"w-grid-item size_1x1 post-513 post type-post status-publish format-standard has-post-thumbnail hentry category-formacoes\" data-id=\"513\">\r\n\t\t<div class=\"w-grid-item-h\">\r\n\t\t\t\t\t\t<div class=\"w-hwrapper usg_hwrapper_1 has_text_color align_left wrap\"><div class=\"w-vwrapper usg_vwrapper_1 align_left valign_top\"><h2 class=\"w-post-elm post_title usg_post_title_1 entry-title color_link_inherit\"><a href=\"https:\/\/sector3.pt\/learning\/fundraising\/\">Fundraising<\/a><\/h2><a class=\"w-btn us-btn-style_1 usg_btn_1\" href=\"https:\/\/sector3.pt\/learning\/fundraising\/\"><span class=\"w-btn-label\">Saiba Mais<\/span><\/a><\/div><div class=\"w-post-elm post_image usg_post_image_1 has_width stretched\"><a href=\"https:\/\/sector3.pt\/learning\/fundraising\/\" aria-label=\"Fundraising\"><img loading=\"lazy\" decoding=\"async\" width=\"1000\" height=\"524\" src=\"https:\/\/sector3.pt\/learning\/wp-content\/uploads\/sites\/4\/2021\/05\/fundraising_rect.jpg\" class=\"attachment-large size-large wp-post-image\" alt=\"\" srcset=\"https:\/\/sector3.pt\/learning\/wp-content\/uploads\/sites\/4\/2021\/05\/fundraising_rect.jpg 1000w, https:\/\/sector3.pt\/learning\/wp-content\/uploads\/sites\/4\/2021\/05\/fundraising_rect-300x157.jpg 300w\" sizes=\"auto, (max-width: 1000px) 100vw, 1000px\" \/><\/a><\/div><\/div>\t\t<\/div>\r\n\t\t\t<\/article>\r\n<\/div>\t<div class=\"w-grid-preloader\">\r\n\t\t<div class=\"g-preloader type_1\">\r\n\t\t\t<div><\/div>\r\n\t\t<\/div>\r\n\t<\/div>\r\n\t\t<div class=\"w-grid-json hidden\" onclick='return {&quot;action&quot;:&quot;us_ajax_grid&quot;,&quot;infinite_scroll&quot;:0,&quot;max_num_pages&quot;:1,&quot;pagination&quot;:&quot;none&quot;,&quot;template_vars&quot;:{&quot;columns&quot;:&quot;2&quot;,&quot;exclude_items&quot;:&quot;none&quot;,&quot;img_size&quot;:&quot;default&quot;,&quot;ignore_items_size&quot;:0,&quot;items_layout&quot;:&quot;133&quot;,&quot;items_offset&quot;:&quot;1&quot;,&quot;load_animation&quot;:&quot;none&quot;,&quot;overriding_link&quot;:&quot;{\\&quot;url\\&quot;:\\&quot;\\&quot;}&quot;,&quot;post_id&quot;:0,&quot;query_args&quot;:{&quot;post_type&quot;:[&quot;post&quot;],&quot;tax_query&quot;:[{&quot;taxonomy&quot;:&quot;category&quot;,&quot;field&quot;:&quot;slug&quot;,&quot;terms&quot;:[&quot;formacoes&quot;]}],&quot;post_status&quot;:[&quot;publish&quot;,&quot;closed&quot;,&quot;acf-disabled&quot;],&quot;posts_per_page&quot;:999},&quot;orderby_query_args&quot;:{&quot;orderby&quot;:{&quot;date&quot;:&quot;DESC&quot;}},&quot;type&quot;:&quot;grid&quot;,&quot;us_grid_post_type&quot;:&quot;post&quot;,&quot;us_grid_ajax_index&quot;:1,&quot;us_grid_filter_query_string&quot;:null,&quot;us_grid_index&quot;:1,&quot;page_args&quot;:[]}}'><\/div>\r\n\t<\/div><\/div><\/div><\/div><\/div>\n<\/div><\/div><\/div><\/div><\/div><\/div><\/div><\/section><section class=\"l-section wpb_row us_custom_cd95c4c6 height_auto\" id=\"contato\"><div class=\"l-section-h i-cf\"><div class=\"g-cols vc_row via_flex valign_top type_default stacking_default\"><div class=\"vc_col-sm-12 vc_col-xs-12 wpb_column vc_column_container\"><div class=\"vc_column-inner\"><div class=\"wpb_wrapper\"><div class=\"wpb_text_column\"><div class=\"wpb_wrapper\"><div id=\"ultimate-heading-283569e22cdb963a7\" class=\"uvc-heading ult-adjust-bottom-margin ultimate-heading-283569e22cdb963a7 uvc-27 \" data-hspacer=\"line_only\"  data-halign=\"center\" style=\"text-align:center\"><div class=\"uvc-main-heading ult-responsive\"  data-ultimate-target='.uvc-heading.ultimate-heading-283569e22cdb963a7 h2'  data-responsive-json-new='{\"font-size\":\"\",\"line-height\":\"\"}' ><h2 style=\"font-weight:normal;\">CONTATO<\/h2><\/div><div class=\"uvc-heading-spacer line_only\" style=\"margin-top:20px;height:2px;\"><span class=\"uvc-headings-line\" style=\"border-style:solid;border-bottom-width:2px;border-color:#80cbc4;width:80px;\"><\/span><\/div><\/div><div class=\"g-cols wpb_row us_custom_7f9ed4fa via_flex valign_top type_default stacking_default\"><\/div><div class=\"vc_col-sm-6 vc_col-xs-12 wpb_column vc_column_container\"><div class=\"vc_column-inner\"><div class=\"wpb_wrapper\"><\/div><\/div><\/div><div class=\"w-iconbox iconpos_left style_default color_primary align_left no_text\"><a target=\"_blank\" rel=\"nofollow\" href=\"https:\/\/maps.app.goo.gl\/REXLd8Nx8z8spE9d7\" class=\"w-iconbox-link\" aria-label=\"Po\u00e7o Novo &#8211; Caixa Postal 5325 &#8211; S\u00e3o Lu\u00eds, 7630-480 Odemira, Portugal\"><div class=\"w-iconbox-icon\" style=\"font-size:1.2rem;\"><i class=\"far fa-map-marker-alt\"><\/i><\/div><\/a><div class=\"w-iconbox-meta\"><div class=\"w-iconbox-title\"><a target=\"_blank\" rel=\"nofollow\" href=\"https:\/\/maps.app.goo.gl\/REXLd8Nx8z8spE9d7\" class=\"w-iconbox-link\" aria-label=\"Po\u00e7o Novo &#8211; Caixa Postal 5325 &#8211; S\u00e3o Lu\u00eds, 7630-480 Odemira, Portugal\">Po\u00e7o Novo &#8211; Caixa Postal 5325 &#8211; S\u00e3o Lu\u00eds, 7630-480 Odemira, Portugal<\/a><\/div><\/div><\/div><div class=\"w-iconbox iconpos_left style_default color_primary align_left no_text\"><a href=\"tel:+351283094649\" class=\"w-iconbox-link\" aria-label=\"+351 283 094 649\"><div class=\"w-iconbox-icon\" style=\"font-size:1.2rem;\"><i class=\"far fa-phone\"><\/i><\/div><\/a><div class=\"w-iconbox-meta\"><div class=\"w-iconbox-title\"><a href=\"tel:+351283094649\" class=\"w-iconbox-link\" aria-label=\"+351 283 094 649\">+351 283 094 649<\/a><\/div><\/div><\/div><div class=\"w-iconbox iconpos_left style_default color_primary align_left no_text\"><a href=\"mailto:info@sector3.pt\" class=\"w-iconbox-link\" aria-label=\"info@sector3.pt\"><div class=\"w-iconbox-icon\" style=\"font-size:1.2rem;\"><i class=\"far fa-envelope\"><\/i><\/div><\/a><div class=\"w-iconbox-meta\"><div class=\"w-iconbox-title\"><a href=\"mailto:info@sector3.pt\" class=\"w-iconbox-link\" aria-label=\"info@sector3.pt\">info@sector3.pt<\/a><\/div><\/div><\/div><div class=\"wpb_text_column us_custom_0f8f44b7\"><div class=\"wpb_wrapper\"><\/div><\/div>\n<p style=\"text-align: center;\"><a href=\"https:\/\/sector3.pt\/\"><strong>Sector3 Social Brokers<\/strong><\/a> &#8211; Empresa de consultoria, especializada em servi\u00e7os de intermedia\u00e7\u00e3o no mercado da filantropia estrat\u00e9gica e investimento social.<\/p>\n<\/div><\/div><div class=\"vc_col-sm-6 vc_col-xs-12 wpb_column vc_column_container\"><div class=\"vc_column-inner\"><div class=\"wpb_wrapper\"><form class=\"w-form  us-field-style_1 layout_ver show_message_after_sending for_cform us_form_1\" action=\"https:\/\/sector3.pt\/learning\/learning\/wp-json\/wp\/v2\/pages\/13\" method=\"post\"><div class=\"w-form-h\"><div class=\"w-form-row for_text required with_icon cols_2\">\r\n\t\t<div class=\"w-form-row-field\">\r\n\t\t\t\t<i class=\"fas fa-user\"><\/i>\t\t<input aria-label=\"Nome\" type=\"text\" name=\"us_form_1_text_1\" value placeholder=\"Nome *\" data-required=\"true\" aria-required=\"true\"\/>\r\n\t\t\t<\/div>\r\n\t\t<div class=\"w-form-row-state\">Fill out this field<\/div>\r\n<\/div>\r\n<div class=\"w-form-row for_text with_icon cols_2\">\r\n\t\t<div class=\"w-form-row-field\">\r\n\t\t\t\t<i class=\"fas fa-phone-alt\"><\/i>\t\t<input aria-label=\"Telefone\" type=\"text\" name=\"us_form_1_text_2\" value placeholder=\"Telefone\"\/>\r\n\t\t\t<\/div>\r\n\t\t<div class=\"w-form-row-state\">Fill out this field<\/div>\r\n<\/div>\r\n<div class=\"w-form-row for_email required with_icon\">\r\n\t\t<div class=\"w-form-row-field\">\r\n\t\t\t\t<i class=\"fas fa-envelope\"><\/i>\t\t<input aria-label=\"Endere\u00e7o de e-mail\" type=\"email\" name=\"us_form_1_email_1\" value placeholder=\"Endere\u00e7o de e-mail *\" data-required=\"true\" aria-required=\"true\"\/>\r\n\t\t\t<\/div>\r\n\t\t<div class=\"w-form-row-state\">Por favor insira um endere\u00e7o de email v\u00e1lido.<\/div>\r\n<\/div>\r\n<div class=\"w-form-row for_textarea required with_icon\">\r\n\t\t<div class=\"w-form-row-field\">\r\n\t\t\t\t<i class=\"fas fa-pen\"><\/i>\t\t<textarea aria-label=\"Mensagem\" name=\"us_form_1_textarea_1\" placeholder=\"Mensagem *\" data-required=\"true\" aria-required=\"true\"><\/textarea>\r\n\t\t\t<\/div>\r\n\t\t<div class=\"w-form-row-state\">Fill out this field<\/div>\r\n<\/div>\r\n<input type=\"hidden\" name=\"action\" value=\"us_ajax_cform\" \/>\r\n<input type=\"hidden\" name=\"post_id\" value=\"0\" \/>\r\n<input type=\"hidden\" name=\"form_index\" value=\"1\" \/>\r\n<div class=\"w-form-row for_submit align_justify\">\r\n\t<button class=\"w-btn  us-btn-style_1\" aria-label=\"ENVIAR\" type=\"submit\">\r\n\t\t<span class=\"g-preloader type_1\"><\/span>\r\n\t\t\t\t<span class=\"w-btn-label\">ENVIAR<\/span>\r\n\t\t\t<\/button>\r\n\t<\/div>\r\n<\/div><div class=\"w-form-message\"><\/div><div class=\"w-form-json hidden\" onclick='return {&quot;ajaxurl&quot;:&quot;https:\\\/\\\/sector3.pt\\\/learning\\\/wp-admin\\\/admin-ajax.php&quot;,&quot;messages&quot;:{&quot;err_empty&quot;:&quot;Fill out this field&quot;,&quot;err_size&quot;:&quot;File size cannot exceed %s MB&quot;,&quot;err_extension&quot;:&quot;%s file type is not allowed&quot;,&quot;err_recaptcha_keys&quot;:&quot;reCAPTCHA keys are incorrect&quot;}}'><\/div><\/form><\/div><\/div><\/div><\/div><\/div><\/div><\/div><\/div><\/section><section class=\"l-section wpb_row us_custom_821ea863 height_auto width_full\"><div class=\"l-section-h i-cf\"><div class=\"g-cols vc_row via_flex valign_top type_default stacking_default\"><div class=\"vc_col-sm-12 wpb_column vc_column_container\"><div class=\"vc_column-inner us_custom_821ea863\"><div class=\"wpb_wrapper\"><div class=\"w-map provider_google\" id=\"us_map_1\"><div class=\"w-map-inner\"><div class=\"w-map-json\" onclick='return {&quot;address&quot;:&quot;37.7159663224901, -8.667568837431105&quot;,&quot;disableDragging&quot;:0,&quot;disableZoom&quot;:0,&quot;hideControls&quot;:0,&quot;zoom&quot;:19,&quot;markers&quot;:[{&quot;address&quot;:&quot;37.7159663224901, -8.667568837431105&quot;,&quot;html&quot;:&quot;&lt;h6&gt;Sector3 - Social Brokers&lt;\\\/h6&gt;&lt;p&gt;Po\\u00e7o Novo \\u2013 Caixa Postal 5325 \\u2013 S\\u00e3o Lu\\u00eds, 7630-480 Odemira, Portugal&lt;\\\/p&gt;&quot;,&quot;infowindow&quot;:&quot;1&quot;}],&quot;icon&quot;:{&quot;url&quot;:&quot;https:\\\/\\\/sector3.pt\\\/learning\\\/wp-content\\\/uploads\\\/sites\\\/4\\\/2021\\\/03\\\/favicon.png&quot;,&quot;size&quot;:[30,30]},&quot;maptype&quot;:&quot;ROADMAP&quot;}'><\/div><\/div><\/div><\/div><\/div><\/div><\/div><\/div><\/section>\n","protected":false},"excerpt":{"rendered":"FUNDRAISING COMO MOBILIZAR RECURSOS PARA A SUA CAUSA Capacita\u00e7\u00e3o em Fundraising, dias 21, 23 e 29 de junho Num mundo em profunda TRANSFORMA\u00c7\u00c3O, as organiza\u00e7\u00f5es da economia social lidam com 2 grandes desafios: garantir a sua SUSTENTABILIDADE em contexto competitivo conseguir levar a sua MENSAGEM aos seus diversos p\u00fablicos O PROP\u00d3SITO est\u00e1 cada vez mais...","protected":false},"author":1,"featured_media":0,"parent":0,"menu_order":0,"comment_status":"closed","ping_status":"closed","template":"","meta":{"_acf_changed":false,"_bbp_topic_count":0,"_bbp_reply_count":0,"_bbp_total_topic_count":0,"_bbp_total_reply_count":0,"_bbp_voice_count":0,"_bbp_anonymous_reply_count":0,"_bbp_topic_count_hidden":0,"_bbp_reply_count_hidden":0,"_bbp_forum_subforum_count":0,"footnotes":""},"class_list":["post-13","page","type-page","status-publish","hentry"],"acf":[],"_links":{"self":[{"href":"https:\/\/sector3.pt\/learning\/wp-json\/wp\/v2\/pages\/13","targetHints":{"allow":["GET"]}}],"collection":[{"href":"https:\/\/sector3.pt\/learning\/wp-json\/wp\/v2\/pages"}],"about":[{"href":"https:\/\/sector3.pt\/learning\/wp-json\/wp\/v2\/types\/page"}],"author":[{"embeddable":true,"href":"https:\/\/sector3.pt\/learning\/wp-json\/wp\/v2\/users\/1"}],"replies":[{"embeddable":true,"href":"https:\/\/sector3.pt\/learning\/wp-json\/wp\/v2\/comments?post=13"}],"version-history":[{"count":126,"href":"https:\/\/sector3.pt\/learning\/wp-json\/wp\/v2\/pages\/13\/revisions"}],"predecessor-version":[{"id":1126,"href":"https:\/\/sector3.pt\/learning\/wp-json\/wp\/v2\/pages\/13\/revisions\/1126"}],"wp:attachment":[{"href":"https:\/\/sector3.pt\/learning\/wp-json\/wp\/v2\/media?parent=13"}],"curies":[{"name":"wp","href":"https:\/\/api.w.org\/{rel}","templated":true}]}}