{"id":312,"date":"2021-03-10T23:32:36","date_gmt":"2021-03-10T23:32:36","guid":{"rendered":"https:\/\/sector3.pt\/formacoes\/?page_id=312"},"modified":"2021-03-10T23:53:12","modified_gmt":"2021-03-10T23:53:12","slug":"politica-de-privacidade","status":"publish","type":"page","link":"https:\/\/sector3.pt\/learning\/politica-de-privacidade\/","title":{"rendered":"Pol\u00edtica de privacidade"},"content":{"rendered":"<section class=\"l-section wpb_row height_auto\"><div class=\"l-section-h i-cf\"><div class=\"g-cols vc_row via_flex valign_top type_default stacking_default\"><div class=\"vc_col-sm-2 wpb_column vc_column_container\"><div class=\"vc_column-inner\"><div class=\"wpb_wrapper\"><\/div><\/div><\/div><div class=\"vc_col-sm-8 wpb_column vc_column_container\"><div class=\"vc_column-inner\"><div class=\"wpb_wrapper\">[vc_separator color=&#8221;custom&#8221; accent_color=&#8221;rgba(0,0,0,0&#8243; css=&#8221;.vc_custom_1615419147243{margin-top: 20px !important;margin-bottom: 20px !important;}&#8221;]<div id=\"ultimate-heading-52869e22d9a4b328\" class=\"uvc-heading ult-adjust-bottom-margin ultimate-heading-52869e22d9a4b328 uvc-5925 \" data-hspacer=\"line_only\"  data-halign=\"center\" style=\"text-align:center\"><div class=\"uvc-main-heading ult-responsive\"  data-ultimate-target='.uvc-heading.ultimate-heading-52869e22d9a4b328 h2'  data-responsive-json-new='{\"font-size\":\"\",\"line-height\":\"\"}' ><h2 style=\"font-weight:normal;\">POL\u00cdTICA DE PRIVACIDADE<\/h2><\/div><div class=\"uvc-heading-spacer line_only\" style=\"margin-top:20px;height:2px;\"><span class=\"uvc-headings-line\" style=\"border-style:solid;border-bottom-width:2px;border-color:#80cbc4;width:80px;\"><\/span><\/div><\/div><div class=\"wpb_text_column\"><div class=\"wpb_wrapper\"><h2 class=\"wp-block-heading\">Quem somos<\/h2>\n<p>A entidade respons\u00e1vel pelo tratamento dos dados \u00e9 a Sector 3, na medida em que \u00e9 a respons\u00e1vel pela determina\u00e7\u00e3o das finalidades e dos meios de tratamento dos dados que tem em sua posse.<\/p>\n<p>Sector 3<br \/>Rua Sant&#8217;Ana \u00e0 Lapa, n\u00ba 17 &#8211; 2\u00ba<br \/>1200 &#8211; 796 Lisboa<br \/>Portugal<\/p>\n<p>Telefone: +351 211 945 633<br \/>Email: <a href=\"mailto:info@sector3.pt\">info@sector3.pt<\/a><\/p>\n<p>Quaisquer necessidades de contacto, no \u00e2mbito do tratamento dos dados disponibilizados, devem realizar-se atrav\u00e9s dos contactos acima inscritos.<\/p>\n<p>&nbsp;<\/p>\n<h2 class=\"wp-block-heading\">Acessos e Participa\u00e7\u00e3o nos F\u00f3runs de Discuss\u00e3o<\/h2>\n<p>O acesso de utilizadores \u00e9 monitorizado apenas para fim estat\u00edsticos e de an\u00e1lise de performance do website. Poder\u00e3o ser recolhidos dados como endere\u00e7o de IP e o agente do utilizador do navegador mas, em nenhum caso, ser\u00e3o recolhidos dados pessoais ou outros que permitam identificar o utilizador.<\/p>\n<p>Os visitantes autenticados, fazendo uso do formul\u00e1rio de login, podem aceder a \u00e1reas de acesso restrito, nomeadamente, as p\u00e1ginas das forma\u00e7\u00f5es para as quais se inscreveram.<br \/>Ao participar nos f\u00f3runs destinados \u00e0 discuss\u00e3o das forma\u00e7\u00f5es ser\u00e1 registada a data e hora da participa\u00e7\u00f5es (publica\u00e7\u00e3o de coment\u00e1rio) assim como a identifica\u00e7\u00e3o e respectivo texto. Estas informa\u00e7\u00f5es ser\u00e3o vis\u00edveis a todos os formandos inscritos no mesmo evento formativo.<br \/>Os dados recolhidos no registo das forma\u00e7\u00f5es ser\u00e3o utilizados exclusivamente no \u00e2mbito da forma\u00e7\u00e3o.<\/p>\n<p>Todos os utilizadores poder\u00e3o solicitar a remo\u00e7\u00e3o de todos os dados a si relativos solicitando essa opera\u00e7\u00e3o atrav\u00e9s de qualquer um dos contactos publicitados neste site.<\/p>\n<p>&nbsp;<\/p>\n<h2 class=\"wp-block-heading\">Multim\u00e9dia<\/h2>\n<p>Ao carregar imagens para o site, deve evitar carregar imagens com dados incorporados de geolocaliza\u00e7\u00e3o (EXIF GPS). Os visitantes podem descarregar e extrair os dados de geolocaliza\u00e7\u00e3o das imagens do site.<br \/>A Sector3 n\u00e3o se responsabiliza por situa\u00e7\u00f5es em que o utilizador n\u00e3o tenha este cuidado, no entanto ser\u00e1 sempre poss\u00edvel o utilizador solicitar a elimina\u00e7\u00e3o dos conte\u00fados que tenha publicado indevidamente atrav\u00e9s dos contactos da Sector 3.<\/p>\n<p>&nbsp;<\/p>\n<h2 class=\"wp-block-heading\">Cookies<\/h2>\n<p>Se deixar um coment\u00e1rio no nosso site pode optar por guardar o seu nome, endere\u00e7o de email e site nos cookies. Isto \u00e9 para sua conveni\u00eancia para n\u00e3o ter de preencher novamente os seus dados quando deixar outro coment\u00e1rio. Estes cookies durar\u00e3o um ano.<\/p>\n<p>Se visitar a p\u00e1gina de in\u00edcio de sess\u00e3o, ser\u00e1 configurado um cookie tempor\u00e1rio para determinar se o seu navegador aceita cookies. Este cookie n\u00e3o cont\u00e9m dados pessoais e ser\u00e1 eliminado ao fechar o seu navegador.<\/p>\n<p>Ao iniciar a sess\u00e3o, ser\u00e3o configurados alguns cookies para guardar a sua informa\u00e7\u00e3o de sess\u00e3o e as suas escolhas de visualiza\u00e7\u00e3o de ecr\u00e3. Os cookies de in\u00edcio de sess\u00e3o duram um ano. Ao terminar a sess\u00e3o, os cookies de inicio de sess\u00e3o ser\u00e3o removidos.<\/p>\n<h2>Conte\u00fado incorporado de outros sites<\/h2>\n<p>Os artigos neste site podem incluir conte\u00fado incorporado (por exemplo: v\u00eddeos, imagens, artigos, etc.). O conte\u00fado incorporado de outros sites comporta-se tal como se o utilizador visitasse esses sites.<\/p>\n<p>Este site pode recolher dados sobre si, usar cookies, incorporar rastreio feito por terceiros, monitorizar as suas interac\u00e7\u00f5es com o mesmo, incluindo registar as interac\u00e7\u00f5es com conte\u00fado incorporado se tiver uma conta e estiver com sess\u00e3o iniciada nesse site.<\/p>\n<p>&nbsp;<\/p>\n<h2 class=\"wp-block-heading\">Com quem s\u00e3o partilhados os seus dados<\/h2>\n<p>Apenas a Sector 3 tem acesso aos dados pessoais dos utilizadores autenticados e os mesmos n\u00e3o s\u00e3o partilhados com terceiros.<\/p>\n<p>Os dados n\u00e3o pessoais recolhidos no \u00e2mbito da an\u00e1lise estat\u00edstica e performance do site s\u00e3o armazenados no servi\u00e7o de alojamento do website e disponibilizados para consulta \u00e0 Sector 3 atrav\u00e9s de \u00e1rea de acesso restrito e exclusivo da pr\u00f3rpia Sector 3.<\/p>\n<p>&nbsp;<\/p>\n<h2 class=\"wp-block-heading\">Por quanto tempo s\u00e3o retidos os seus dados<\/h2>\n<p>Se deixar um coment\u00e1rio, o coment\u00e1rio e os seus metadados s\u00e3o guardados indefinidamente. Isto acontece de modo a ser poss\u00edvel reconhecer e aprovar automaticamente quaisquer coment\u00e1rios seguintes, em vez de os colocar numa fila de modera\u00e7\u00e3o.<\/p>\n<p>Como referido, \u00e9 guardada a informa\u00e7\u00e3o pessoal fornecida pelos formandos aquando da inscri\u00e7\u00e3o numa forma\u00e7\u00e3o. Todos os utilizadores podem ver, editar, ou eliminar a sua informa\u00e7\u00e3o pessoal a qualquer momento (com a excep\u00e7\u00e3o de n\u00e3o poderem alterar o nome de utilizador) remetendo um pedido directo \u00e0 Sector 3 atrav\u00e9s dos contactos publicitados neste site. A Sector 3, enquanto administradora do site, pode tamb\u00e9m ver e editar essa informa\u00e7\u00e3o.<\/p>\n<p>&nbsp;<\/p>\n<h2 class=\"wp-block-heading\">Que direitos tem sobre os seus dados<\/h2>\n<p>Se tiver uma conta neste site, ou deixou coment\u00e1rios, pode pedir para receber um ficheiro de exporta\u00e7\u00e3o com os dados pessoais guardados sobre si, incluindo qualquer dado pessoal que indicou. Tamb\u00e9m pode solicitar que os dados guardados sejam eliminados. Isto n\u00e3o inclui qualquer dado pessoal que seja obrigat\u00f3rio manter para fins administrativos, legais ou de seguran\u00e7a.<\/p>\n<p>&nbsp;<\/p>\n<h2 class=\"wp-block-heading\">Para onde s\u00e3o enviados os seus dados<\/h2>\n<p>Os coment\u00e1rios dos visitantes podem ser verificados atrav\u00e9s de um servi\u00e7o autom\u00e1tico de detec\u00e7\u00e3o de spam.<\/p>\n<p>&nbsp;<\/p>\n<\/div><\/div><\/div><\/div><\/div><div class=\"vc_col-sm-2 wpb_column vc_column_container\"><div class=\"vc_column-inner\"><div class=\"wpb_wrapper\"><\/div><\/div><\/div><\/div><\/div><\/section>","protected":false},"excerpt":{"rendered":"[vc_separator color=\"custom\" accent_color=\"rgba(0,0,0,0\" css=\".vc_custom_1615419147243{margin-top: 20px !important;margin-bottom: 20px !important;}\"]POL\u00cdTICA DE PRIVACIDADE Quem somos A entidade respons\u00e1vel pelo tratamento dos dados \u00e9 a Sector 3, na medida em que \u00e9 a respons\u00e1vel pela determina\u00e7\u00e3o das finalidades e dos meios de tratamento dos dados que tem em sua posse. Sector 3Rua Sant&#8217;Ana \u00e0 Lapa, n\u00ba 17 &#8211; 2\u00ba1200...","protected":false},"author":1,"featured_media":0,"parent":0,"menu_order":0,"comment_status":"closed","ping_status":"closed","template":"","meta":{"_acf_changed":false,"_bbp_topic_count":0,"_bbp_reply_count":0,"_bbp_total_topic_count":0,"_bbp_total_reply_count":0,"_bbp_voice_count":0,"_bbp_anonymous_reply_count":0,"_bbp_topic_count_hidden":0,"_bbp_reply_count_hidden":0,"_bbp_forum_subforum_count":0,"footnotes":""},"class_list":["post-312","page","type-page","status-publish","hentry"],"acf":[],"_links":{"self":[{"href":"https:\/\/sector3.pt\/learning\/wp-json\/wp\/v2\/pages\/312","targetHints":{"allow":["GET"]}}],"collection":[{"href":"https:\/\/sector3.pt\/learning\/wp-json\/wp\/v2\/pages"}],"about":[{"href":"https:\/\/sector3.pt\/learning\/wp-json\/wp\/v2\/types\/page"}],"author":[{"embeddable":true,"href":"https:\/\/sector3.pt\/learning\/wp-json\/wp\/v2\/users\/1"}],"replies":[{"embeddable":true,"href":"https:\/\/sector3.pt\/learning\/wp-json\/wp\/v2\/comments?post=312"}],"version-history":[{"count":3,"href":"https:\/\/sector3.pt\/learning\/wp-json\/wp\/v2\/pages\/312\/revisions"}],"predecessor-version":[{"id":325,"href":"https:\/\/sector3.pt\/learning\/wp-json\/wp\/v2\/pages\/312\/revisions\/325"}],"wp:attachment":[{"href":"https:\/\/sector3.pt\/learning\/wp-json\/wp\/v2\/media?parent=312"}],"curies":[{"name":"wp","href":"https:\/\/api.w.org\/{rel}","templated":true}]}}